{"id":10,"date":"2020-05-26T16:25:17","date_gmt":"2020-05-26T16:25:17","guid":{"rendered":"http:\/\/autoescuelamonfrague.com\/index-new.php\/?page_id=10"},"modified":"2020-12-14T19:16:38","modified_gmt":"2020-12-14T19:16:38","slug":"contact","status":"publish","type":"page","link":"https:\/\/autoescuelamonfrague.com\/?page_id=10","title":{"rendered":"Contactar"},"content":{"rendered":"<div id=\"pl-10\"  class=\"panel-layout\" ><div id=\"pg-10-0\"  class=\"panel-grid panel-no-style\" ><div id=\"pgc-10-0-0\"  class=\"panel-grid-cell\" ><div id=\"panel-10-0-0-0\" class=\"so-panel widget widget_sow-editor panel-first-child panel-last-child\" data-index=\"0\" ><div\n\t\t\t\n\t\t\tclass=\"so-widget-sow-editor so-widget-sow-editor-base\"\n\t\t\t\n\t\t>\n<div class=\"siteorigin-widget-tinymce textwidget\">\n\t<p>Utiliza nuestro formulario para solicitar tu matr\u00edcula y contactar con nosotros.<br \/>\nSi quieres pedirnos informaci\u00f3n sobre nuestra autoescuela, rellena todos los campos y te responderemos lo antes posible.<\/p>\n<div class=\"wpforms-container wpforms-container-full\" id=\"wpforms-462\"><form id=\"wpforms-form-462\" class=\"wpforms-validate wpforms-form wpforms-ajax-form\" data-formid=\"462\" method=\"post\" enctype=\"multipart\/form-data\" action=\"\/index.php?rest_route=%2Fwp%2Fv2%2Fpages%2F10\" data-token=\"4860ac209c336016284265e39aaaa0d5\" data-token-time=\"1775256773\"><noscript class=\"wpforms-error-noscript\">Por favor, activa JavaScript en tu navegador para completar este formulario.<\/noscript><div class=\"wpforms-field-container\"><div id=\"wpforms-462-field_1-container\" class=\"wpforms-field wpforms-field-name\" data-field-id=\"1\"><label class=\"wpforms-field-label\" for=\"wpforms-462-field_1\">Nombre <span class=\"wpforms-required-label\">*<\/span><\/label><div class=\"wpforms-field-row wpforms-field-large\"><div class=\"wpforms-field-row-block wpforms-first wpforms-one-half\"><input type=\"text\" id=\"wpforms-462-field_1\" class=\"wpforms-field-name-first wpforms-field-required\" name=\"wpforms[fields][1][first]\" placeholder=\"Nombre*\" required><label for=\"wpforms-462-field_1\" class=\"wpforms-field-sublabel after wpforms-sublabel-hide\">Nombre<\/label><\/div><div class=\"wpforms-field-row-block wpforms-one-half\"><input type=\"text\" id=\"wpforms-462-field_1-last\" class=\"wpforms-field-name-last wpforms-field-required\" name=\"wpforms[fields][1][last]\" placeholder=\"Apellidos*\" required><label for=\"wpforms-462-field_1-last\" class=\"wpforms-field-sublabel after wpforms-sublabel-hide\">Apellidos<\/label><\/div><\/div><\/div><div id=\"wpforms-462-field_2-container\" class=\"wpforms-field wpforms-field-email\" data-field-id=\"2\"><label class=\"wpforms-field-label\" for=\"wpforms-462-field_2\">Correo electr\u00f3nico <span class=\"wpforms-required-label\">*<\/span><\/label><input type=\"email\" id=\"wpforms-462-field_2\" class=\"wpforms-field-large wpforms-field-required\" name=\"wpforms[fields][2]\" placeholder=\"Correo Electr\u00f3nico*\" spellcheck=\"false\" required><div class=\"wpforms-field-description\"><p>\u00a1Gracias por contactar con nosotros! Nos pondremos en contacto contigo muy pronto.<\/p><\/div><\/div><div id=\"wpforms-462-field_6-container\" class=\"wpforms-field wpforms-field-select wpforms-field-select-style-modern\" data-field-id=\"6\"><label class=\"wpforms-field-label\" for=\"wpforms-462-field_6\">Permisos <span class=\"wpforms-required-label\">*<\/span><\/label><select id=\"wpforms-462-field_6\" class=\"wpforms-field-large wpforms-field-required choicesjs-select\" data-size-class=\"wpforms-field-row wpforms-field-large\" data-search-enabled=\"1\" name=\"wpforms[fields][6][]\" required=\"required\" multiple=\"multiple\"><option value=\"\" class=\"placeholder\" disabled ><\/option><option value=\"AM-Ciclomotor\"  class=\"choice-1 depth-1\"  >AM-Ciclomotor<\/option><option value=\"A-Motocicletas\"  class=\"choice-2 depth-1\"  >A-Motocicletas<\/option><option value=\"A1-Motocicletas hasta 125 cc\"  class=\"choice-3 depth-1\"  >A1-Motocicletas hasta 125 cc<\/option><option value=\"A2-Motocicletas m\u00e1s de 125 cc\"  class=\"choice-4 depth-1\"  >A2-Motocicletas m\u00e1s de 125 cc<\/option><option value=\"B-Turismo y Veh\u00edculos de hasta 3.500 Kg\"  class=\"choice-5 depth-1\"  >B-Turismo y Veh\u00edculos de hasta 3.500 Kg<\/option><option value=\"B96\"  class=\"choice-6 depth-1\"  >B96<\/option><option value=\"B+E\"  class=\"choice-7 depth-1\"  >B+E<\/option><option value=\"C-Cami\u00f3n Pesado m\u00e1s de 7.500 Kg\"  class=\"choice-8 depth-1\"  >C-Cami\u00f3n Pesado m\u00e1s de 7.500 Kg<\/option><option value=\"C1-Cami\u00f3n Ligero hasta 7.500 Kg\"  class=\"choice-9 depth-1\"  >C1-Cami\u00f3n Ligero hasta 7.500 Kg<\/option><option value=\"C+E-Trailer y Trenes de Carretera\"  class=\"choice-10 depth-1\"  >C+E-Trailer y Trenes de Carretera<\/option><option value=\"D-Autobuses de m\u00e1s de 17 plazas\"  class=\"choice-11 depth-1\"  >D-Autobuses de m\u00e1s de 17 plazas<\/option><option value=\"D1-Autobuses y Microbuses de hasta 17 plazas\"  class=\"choice-12 depth-1\"  >D1-Autobuses y Microbuses de hasta 17 plazas<\/option><\/select><div class=\"wpforms-field-description\">Selecciona el Permiso que necesites<\/div><\/div><div id=\"wpforms-462-field_3-container\" class=\"wpforms-field wpforms-field-radio\" data-field-id=\"3\"><label class=\"wpforms-field-label\">Centro <span class=\"wpforms-required-label\">*<\/span><\/label><ul id=\"wpforms-462-field_3\" class=\"wpforms-field-required\"><li class=\"choice-1 depth-1\"><input type=\"radio\" id=\"wpforms-462-field_3_1\" name=\"wpforms[fields][3]\" value=\"Plasencia-Avda. Salamanca\" required ><label class=\"wpforms-field-label-inline\" for=\"wpforms-462-field_3_1\">Plasencia-Avda. Salamanca<\/label><\/li><li class=\"choice-2 depth-1\"><input type=\"radio\" id=\"wpforms-462-field_3_2\" name=\"wpforms[fields][3]\" value=\"Plasencia-Los Arcos\" required ><label class=\"wpforms-field-label-inline\" for=\"wpforms-462-field_3_2\">Plasencia-Los Arcos<\/label><\/li><li class=\"choice-3 depth-1\"><input type=\"radio\" id=\"wpforms-462-field_3_3\" name=\"wpforms[fields][3]\" value=\"Cabezuela del Valle\" required ><label class=\"wpforms-field-label-inline\" for=\"wpforms-462-field_3_3\">Cabezuela del Valle<\/label><\/li><li class=\"choice-4 depth-1\"><input type=\"radio\" id=\"wpforms-462-field_3_4\" name=\"wpforms[fields][3]\" value=\"Navaconcejo\" required ><label class=\"wpforms-field-label-inline\" for=\"wpforms-462-field_3_4\">Navaconcejo<\/label><\/li><li class=\"choice-5 depth-1\"><input type=\"radio\" id=\"wpforms-462-field_3_5\" name=\"wpforms[fields][3]\" value=\"Herv\u00e1s\" required ><label class=\"wpforms-field-label-inline\" for=\"wpforms-462-field_3_5\">Herv\u00e1s<\/label><\/li><li class=\"choice-6 depth-1\"><input type=\"radio\" id=\"wpforms-462-field_3_6\" name=\"wpforms[fields][3]\" value=\"Zarza de Granadilla\" required ><label class=\"wpforms-field-label-inline\" for=\"wpforms-462-field_3_6\">Zarza de Granadilla<\/label><\/li><\/ul><\/div><div id=\"wpforms-462-field_4-container\" class=\"wpforms-field wpforms-field-gdpr-checkbox\" data-field-id=\"4\"><label class=\"wpforms-field-label\">Acuerdo RGPD  <span class=\"wpforms-required-label\">*<\/span><\/label><ul id=\"wpforms-462-field_4\" class=\"wpforms-field-required\"><li class=\"choice-1\"><input type=\"checkbox\" id=\"wpforms-462-field_4_1\" name=\"wpforms[fields][4][]\" value=\"Doy mi consentimiento para que esta web almacene la informaci\u00f3n que env\u00edo para que puedan responder a mi petici\u00f3n. \" required ><label class=\"wpforms-field-label-inline\" for=\"wpforms-462-field_4_1\">Doy mi consentimiento para que esta web almacene la informaci\u00f3n que env\u00edo para que puedan responder a mi petici\u00f3n. <\/label><\/li><\/ul><\/div><div id=\"wpforms-462-field_10-container\" class=\"wpforms-field wpforms-field-textarea\" data-field-id=\"10\"><label class=\"wpforms-field-label\" for=\"wpforms-462-field_10\">Informaci\u00f3n y Comentarios<\/label><textarea id=\"wpforms-462-field_10\" class=\"wpforms-field-medium\" name=\"wpforms[fields][10]\" ><\/textarea><\/div><\/div><!-- .wpforms-field-container --><div class=\"wpforms-recaptcha-container wpforms-is-recaptcha wpforms-is-recaptcha-type-v2\" ><div class=\"g-recaptcha\" data-sitekey=\"6Lez9_wZAAAAAH32tl98PtKukj4kCwpQ1lvw3LGp\"><\/div><input type=\"text\" name=\"g-recaptcha-hidden\" class=\"wpforms-recaptcha-hidden\" style=\"position:absolute!important;clip:rect(0,0,0,0)!important;height:1px!important;width:1px!important;border:0!important;overflow:hidden!important;padding:0!important;margin:0!important;\" data-rule-recaptcha=\"1\"><\/div><div class=\"wpforms-submit-container\" ><input type=\"hidden\" name=\"wpforms[id]\" value=\"462\"><input type=\"hidden\" name=\"page_title\" value=\"\"><input type=\"hidden\" name=\"page_url\" value=\"https:\/\/autoescuelamonfrague.com\/index.php?rest_route=\/wp\/v2\/pages\/10\"><input type=\"hidden\" name=\"url_referer\" value=\"\"><button type=\"submit\" name=\"wpforms[submit]\" id=\"wpforms-submit-462\" class=\"wpforms-submit\" aria-live=\"assertive\" value=\"wpforms-submit\">Enviar<\/button><img loading=\"lazy\" decoding=\"async\" src=\"https:\/\/autoescuelamonfrague.com\/wp-content\/plugins\/wpforms-lite\/assets\/images\/submit-spin.svg\" class=\"wpforms-submit-spinner\" style=\"display: none;\" width=\"26\" height=\"26\" alt=\"Cargando\"><\/div><\/form><\/div>  <!-- .wpforms-container -->\n<p><!-- \/wp:paragraph --><!-- wp:paragraph --><\/p>\n<p><!-- \/wp:paragraph --><\/p>\n<\/div>\n<\/div><\/div><\/div><\/div><\/div>","protected":false},"excerpt":{"rendered":"<p>Utiliza nuestro formulario para solicitar tu matr\u00edcula y contactar con nosotros. Si quieres pedirnos informaci\u00f3n sobre nuestra autoescuela, rellena todos los campos y te responderemos lo antes posible.<\/p>\n","protected":false},"author":1,"featured_media":0,"parent":0,"menu_order":0,"comment_status":"closed","ping_status":"closed","template":"","meta":{"_themeisle_gutenberg_block_has_review":false,"footnotes":""},"_links":{"self":[{"href":"https:\/\/autoescuelamonfrague.com\/index.php?rest_route=\/wp\/v2\/pages\/10"}],"collection":[{"href":"https:\/\/autoescuelamonfrague.com\/index.php?rest_route=\/wp\/v2\/pages"}],"about":[{"href":"https:\/\/autoescuelamonfrague.com\/index.php?rest_route=\/wp\/v2\/types\/page"}],"author":[{"embeddable":true,"href":"https:\/\/autoescuelamonfrague.com\/index.php?rest_route=\/wp\/v2\/users\/1"}],"replies":[{"embeddable":true,"href":"https:\/\/autoescuelamonfrague.com\/index.php?rest_route=%2Fwp%2Fv2%2Fcomments&post=10"}],"version-history":[{"count":0,"href":"https:\/\/autoescuelamonfrague.com\/index.php?rest_route=\/wp\/v2\/pages\/10\/revisions"}],"wp:attachment":[{"href":"https:\/\/autoescuelamonfrague.com\/index.php?rest_route=%2Fwp%2Fv2%2Fmedia&parent=10"}],"curies":[{"name":"wp","href":"https:\/\/api.w.org\/{rel}","templated":true}]}}