{"id":178,"date":"2020-06-02T11:09:54","date_gmt":"2020-06-02T11:09:54","guid":{"rendered":"http:\/\/autoescuelamonfrague.com\/index-new.php\/?page_id=178"},"modified":"2020-06-11T11:53:30","modified_gmt":"2020-06-11T11:53:30","slug":"cursos-adr","status":"publish","type":"page","link":"https:\/\/autoescuelamonfrague.com\/?page_id=178","title":{"rendered":"Cursos ADR"},"content":{"rendered":"<div id=\"pl-178\"  class=\"panel-layout\" ><div id=\"pg-178-0\"  class=\"panel-grid panel-no-style\" ><div id=\"pgc-178-0-0\"  class=\"panel-grid-cell\" ><div id=\"panel-178-0-0-0\" class=\"so-panel widget widget_sow-editor panel-first-child\" data-index=\"0\" ><div\n\t\t\t\n\t\t\tclass=\"so-widget-sow-editor so-widget-sow-editor-base\"\n\t\t\t\n\t\t>\n<div class=\"siteorigin-widget-tinymce textwidget\">\n\t<p><strong>En nuestra Autoescuela podr\u00e1s obtener tu carn\u00e9 de Mercanc\u00edas Peligrosas (ADR).<\/strong><\/p>\n<p>Tambi\u00e9n puedes renovar el que ya posees.<\/p>\n<p>Estamos autorizados por la Direcci\u00f3n General de Tr\u00e1fico para obtener o renovar todas las Clases (excepto la Clase 7 Radiactivos).<\/p>\n<p><strong>TIPO DE CURSOS:<\/strong><\/p>\n<p>- CURSO B\u00c1SICO<\/p>\n<p>- CURSO VEH\u00cdCULOS CISTERNA<\/p>\n<p>- EXPLOSIVOS<\/p>\n<p>- ACTUALIZACI\u00d3N Y RENOVACI\u00d3N<\/p>\n<\/div>\n<\/div><\/div><div id=\"panel-178-0-0-1\" class=\"so-panel widget widget_media_gallery panel-last-child\" data-index=\"1\" ><div id='gallery-1' class='gallery galleryid-178 gallery-columns-5 gallery-size-thumbnail'><figure class='gallery-item'>\n\t\t\t<div class='gallery-icon landscape'>\n\t\t\t\t<a href='https:\/\/autoescuelamonfrague.com\/wp-content\/uploads\/2020\/06\/mercancias-peligrosas.jpg'><img loading=\"lazy\" decoding=\"async\" width=\"150\" height=\"150\" src=\"https:\/\/autoescuelamonfrague.com\/wp-content\/uploads\/2020\/06\/mercancias-peligrosas-150x150.jpg\" class=\"attachment-thumbnail size-thumbnail\" alt=\"\" srcset=\"https:\/\/autoescuelamonfrague.com\/wp-content\/uploads\/2020\/06\/mercancias-peligrosas-150x150.jpg 150w, https:\/\/autoescuelamonfrague.com\/wp-content\/uploads\/2020\/06\/mercancias-peligrosas-448x444.jpg 448w\" sizes=\"(max-width: 150px) 100vw, 150px\" \/><\/a>\n\t\t\t<\/div><\/figure><figure class='gallery-item'>\n\t\t\t<div class='gallery-icon landscape'>\n\t\t\t\t<a href='https:\/\/autoescuelamonfrague.com\/wp-content\/uploads\/2020\/06\/mp5.jpg'><img loading=\"lazy\" decoding=\"async\" width=\"150\" height=\"150\" src=\"https:\/\/autoescuelamonfrague.com\/wp-content\/uploads\/2020\/06\/mp5-150x150.jpg\" class=\"attachment-thumbnail size-thumbnail\" alt=\"\" \/><\/a>\n\t\t\t<\/div><\/figure><figure class='gallery-item'>\n\t\t\t<div class='gallery-icon landscape'>\n\t\t\t\t<a href='https:\/\/autoescuelamonfrague.com\/wp-content\/uploads\/2020\/06\/mp4.jpg'><img loading=\"lazy\" decoding=\"async\" width=\"150\" height=\"150\" src=\"https:\/\/autoescuelamonfrague.com\/wp-content\/uploads\/2020\/06\/mp4-150x150.jpg\" class=\"attachment-thumbnail size-thumbnail\" alt=\"\" \/><\/a>\n\t\t\t<\/div><\/figure>\n\t\t<\/div>\n<\/div><\/div><\/div><\/div>","protected":false},"excerpt":{"rendered":"<p>En nuestra Autoescuela podr\u00e1s obtener tu carn\u00e9 de Mercanc\u00edas Peligrosas (ADR). Tambi\u00e9n puedes renovar el que ya posees. Estamos autorizados por la Direcci\u00f3n General de Tr\u00e1fico para obtener o renovar todas las Clases (excepto la Clase 7 Radiactivos). TIPO DE CURSOS: &#8211; CURSO B\u00c1SICO &#8211; CURSO VEH\u00cdCULOS CISTERNA &#8211; EXPLOSIVOS &#8211; ACTUALIZACI\u00d3N Y RENOVACI\u00d3N<\/p>\n","protected":false},"author":1,"featured_media":0,"parent":0,"menu_order":0,"comment_status":"closed","ping_status":"closed","template":"","meta":{"_themeisle_gutenberg_block_has_review":false,"footnotes":""},"_links":{"self":[{"href":"https:\/\/autoescuelamonfrague.com\/index.php?rest_route=\/wp\/v2\/pages\/178"}],"collection":[{"href":"https:\/\/autoescuelamonfrague.com\/index.php?rest_route=\/wp\/v2\/pages"}],"about":[{"href":"https:\/\/autoescuelamonfrague.com\/index.php?rest_route=\/wp\/v2\/types\/page"}],"author":[{"embeddable":true,"href":"https:\/\/autoescuelamonfrague.com\/index.php?rest_route=\/wp\/v2\/users\/1"}],"replies":[{"embeddable":true,"href":"https:\/\/autoescuelamonfrague.com\/index.php?rest_route=%2Fwp%2Fv2%2Fcomments&post=178"}],"version-history":[{"count":0,"href":"https:\/\/autoescuelamonfrague.com\/index.php?rest_route=\/wp\/v2\/pages\/178\/revisions"}],"wp:attachment":[{"href":"https:\/\/autoescuelamonfrague.com\/index.php?rest_route=%2Fwp%2Fv2%2Fmedia&parent=178"}],"curies":[{"name":"wp","href":"https:\/\/api.w.org\/{rel}","templated":true}]}}