{"id":8,"date":"2020-05-26T16:25:16","date_gmt":"2020-05-26T16:25:16","guid":{"rendered":"http:\/\/autoescuelamonfrague.com\/index-new.php\/?page_id=8"},"modified":"2024-01-09T20:19:05","modified_gmt":"2024-01-09T20:19:05","slug":"home","status":"publish","type":"page","link":"https:\/\/autoescuelamonfrague.com\/","title":{"rendered":"Autoescuela"},"content":{"rendered":"<div id=\"pl-8\"  class=\"panel-layout\" ><div id=\"pg-8-0\"  class=\"panel-grid panel-no-style\" ><div id=\"pgc-8-0-0\"  class=\"panel-grid-cell\" ><\/div><\/div><div id=\"pg-8-1\"  class=\"panel-grid panel-no-style\" ><div id=\"pgc-8-1-0\"  class=\"panel-grid-cell\" ><div id=\"panel-8-1-0-0\" class=\"so-panel widget widget_sow-editor panel-first-child panel-last-child\" data-index=\"1\" ><div\n\t\t\t\n\t\t\tclass=\"so-widget-sow-editor so-widget-sow-editor-base\"\n\t\t\t\n\t\t>\n<div class=\"siteorigin-widget-tinymce textwidget\">\n\t<p><a href=\"https:\/\/autoescuelamonfrague.com\/index-new.php\/?page_id=10\"><div class=\"oxi-addons-container   oxi-addons-flipbox-template-style4\">        <div class=\"oxilab-flip-box-wrapper\">\n                                <div class=\"oxilab-flip-box-col-1 oxilab-flip-box-padding-15\"\n                        sa-data-animation=\"\"\n                        sa-data-animation-offset=\"100%\"\r\n                        sa-data-animation-delay=\"0ms\"\r\n                        sa-data-animation-duration=\" 2000ms\"\n                        >\r\n                        <div class=\" oxilab-flip-box-body-15 oxilab-flip-box-body-15-16\">\n                                                        <div class=\"oxilab-flip-box-body-absulote\">\n                                <div class=\"oxilab-flip-box-flip oxilab-flip-box-flip-left-to-right\">\n                                    <div class=\"oxilab-flip-box-style-data easing_easeInOutCirc\">\n                                        <div class=\"oxilab-flip-box-style\">\n                                            <div class=\"oxilab-flip-box-front\">\n                                                <div class=\"oxilab-flip-box-15\">\n                                                    <div class=\"oxilab-flip-box-15-data\">\n                                                        <div class=\"oxilab-icon\">\n                                                            <div class=\"oxilab-icon-data\">\n                                                                        <i class=\" oxi-icons\"><\/i>\n                                                                    <\/div>\n                                                        <\/div>\n                                                        <div class=\"oxilab-heading\">\n                                                                                                                    <\/div>\n                                                        <div class=\"oxilab-info\">\n                                                                                                                    <\/div>\n\n                                                    <\/div>\n                                                <\/div>\n                                            <\/div>\n                                            <div class=\"oxilab-flip-box-back\">\n                                                <div class=\"oxilab-flip-box-back-15\">\n                                                    <div class=\"oxilab-flip-box-back-15-data\">\n                                                        <div class=\"oxilab-heading\">\n                                                            INFO:                                                        <\/div>\n                                                        <div class=\"oxilab-info\">\n                                                            927 41 34 99 \/ 677 543 763                                                        <\/div>\n                                                                                                                    <a href=\"https:\/\/autoescuelamonfrague.com\/?page_id=10\" target=\"\">\n                                                                <span class=\"oxilab-button\">\n                                                                    <span class=\"oxilab-button-data\">\n                                                                        M\u00e1s Info                                                                    <\/span>\n                                                                <\/span>\n                                                            <\/a>\n                                                                                                                <\/div>\n                                                <\/div>\n                                            <\/div>\n                                        <\/div>\n                                    <\/div>\n                                <\/div>\n                            <\/div>\n                            \n                        <\/div>\n\n\n                                                \n                    <\/div>\n                            <\/div>\n        <\/div><\/a><\/p>\n<\/div>\n<\/div><\/div><\/div><div id=\"pgc-8-1-1\"  class=\"panel-grid-cell\" ><div id=\"panel-8-1-1-0\" class=\"so-panel widget widget_sow-editor panel-first-child panel-last-child\" data-index=\"2\" ><div\n\t\t\t\n\t\t\tclass=\"so-widget-sow-editor so-widget-sow-editor-base\"\n\t\t\t\n\t\t>\n<div class=\"siteorigin-widget-tinymce textwidget\">\n\t<div class=\"oxi-addons-container   oxi-addons-flipbox-template-style4\">        <div class=\"oxilab-flip-box-wrapper\">\n                                <div class=\"oxilab-flip-box-col-1 oxilab-flip-box-padding-14\"\n                        sa-data-animation=\"\"\n                        sa-data-animation-offset=\"100%\"\r\n                        sa-data-animation-delay=\"0ms\"\r\n                        sa-data-animation-duration=\" 2000ms\"\n                        >\r\n                        <div class=\" oxilab-flip-box-body-14 oxilab-flip-box-body-14-15\">\n                                                        <div class=\"oxilab-flip-box-body-absulote\">\n                                <div class=\"oxilab-flip-box-flip oxilab-flip-box-flip-left-to-right\">\n                                    <div class=\"oxilab-flip-box-style-data easing_easeInOutCirc\">\n                                        <div class=\"oxilab-flip-box-style\">\n                                            <div class=\"oxilab-flip-box-front\">\n                                                <div class=\"oxilab-flip-box-14\">\n                                                    <div class=\"oxilab-flip-box-14-data\">\n                                                        <div class=\"oxilab-icon\">\n                                                            <div class=\"oxilab-icon-data\">\n                                                                        <i class=\" oxi-icons\"><\/i>\n                                                                    <\/div>\n                                                        <\/div>\n                                                        <div class=\"oxilab-heading\">\n                                                                                                                    <\/div>\n                                                        <div class=\"oxilab-info\">\n                                                                                                                    <\/div>\n\n                                                    <\/div>\n                                                <\/div>\n                                            <\/div>\n                                            <div class=\"oxilab-flip-box-back\">\n                                                <div class=\"oxilab-flip-box-back-14\">\n                                                    <div class=\"oxilab-flip-box-back-14-data\">\n                                                        <div class=\"oxilab-heading\">\n                                                            INFO:                                                        <\/div>\n                                                        <div class=\"oxilab-info\">\n                                                            927 41 34 99 \/ 677 543 763                                                        <\/div>\n                                                                                                                    <a href=\"https:\/\/autoescuelamonfrague.com\/?page_id=10\/wp-content\/uploads\/2020\/12\/PUBLICIDAD-10-11-1.jpg\" target=\"\">\n                                                                <span class=\"oxilab-button\">\n                                                                    <span class=\"oxilab-button-data\">\n                                                                        M\u00e1s Info                                                                    <\/span>\n                                                                <\/span>\n                                                            <\/a>\n                                                                                                                <\/div>\n                                                <\/div>\n                                            <\/div>\n                                        <\/div>\n                                    <\/div>\n                                <\/div>\n                            <\/div>\n                            \n                        <\/div>\n\n\n                                                \n                    <\/div>\n                            <\/div>\n        <\/div>\n<\/div>\n<\/div><\/div><\/div><div id=\"pgc-8-1-2\"  class=\"panel-grid-cell\" ><div id=\"panel-8-1-2-0\" class=\"so-panel widget widget_sow-editor panel-first-child panel-last-child\" data-index=\"3\" ><div\n\t\t\t\n\t\t\tclass=\"so-widget-sow-editor so-widget-sow-editor-base\"\n\t\t\t\n\t\t>\n<div class=\"siteorigin-widget-tinymce textwidget\">\n\t<p><a href=\"https:\/\/autoescuelamonfrague.com\/index-new.php\/?page_id=10\"><div class=\"oxi-addons-container   oxi-addons-flipbox-template-style4\">        <div class=\"oxilab-flip-box-wrapper\">\n                                <div class=\"oxilab-flip-box-col-1 oxilab-flip-box-padding-16\"\n                        sa-data-animation=\"\"\n                        sa-data-animation-offset=\"100%\"\r\n                        sa-data-animation-delay=\"0ms\"\r\n                        sa-data-animation-duration=\" 2000ms\"\n                        >\r\n                        <div class=\" oxilab-flip-box-body-16 oxilab-flip-box-body-16-17\">\n                                                        <div class=\"oxilab-flip-box-body-absulote\">\n                                <div class=\"oxilab-flip-box-flip oxilab-flip-box-flip-left-to-right\">\n                                    <div class=\"oxilab-flip-box-style-data easing_easeInOutCirc\">\n                                        <div class=\"oxilab-flip-box-style\">\n                                            <div class=\"oxilab-flip-box-front\">\n                                                <div class=\"oxilab-flip-box-16\">\n                                                    <div class=\"oxilab-flip-box-16-data\">\n                                                        <div class=\"oxilab-icon\">\n                                                            <div class=\"oxilab-icon-data\">\n                                                                        <i class=\" oxi-icons\"><\/i>\n                                                                    <\/div>\n                                                        <\/div>\n                                                        <div class=\"oxilab-heading\">\n                                                                                                                    <\/div>\n                                                        <div class=\"oxilab-info\">\n                                                                                                                    <\/div>\n\n                                                    <\/div>\n                                                <\/div>\n                                            <\/div>\n                                            <div class=\"oxilab-flip-box-back\">\n                                                <div class=\"oxilab-flip-box-back-16\">\n                                                    <div class=\"oxilab-flip-box-back-16-data\">\n                                                        <div class=\"oxilab-heading\">\n                                                            INFO:                                                        <\/div>\n                                                        <div class=\"oxilab-info\">\n                                                            927 41 34 99 \/ 677 543 763                                                        <\/div>\n                                                                                                                    <a href=\"https:\/\/autoescuelamonfrague.com\/?page_id=10\" target=\"\">\n                                                                <span class=\"oxilab-button\">\n                                                                    <span class=\"oxilab-button-data\">\n                                                                        M\u00e1s Info                                                                    <\/span>\n                                                                <\/span>\n                                                            <\/a>\n                                                                                                                <\/div>\n                                                <\/div>\n                                            <\/div>\n                                        <\/div>\n                                    <\/div>\n                                <\/div>\n                            <\/div>\n                            \n                        <\/div>\n\n\n                                                \n                    <\/div>\n                            <\/div>\n        <\/div><\/a><\/p>\n<\/div>\n<\/div><\/div><\/div><\/div><div id=\"pg-8-2\"  class=\"panel-grid panel-no-style\" ><div id=\"pgc-8-2-0\"  class=\"panel-grid-cell\" ><div id=\"panel-8-2-0-0\" class=\"so-panel widget widget_sow-editor panel-first-child panel-last-child\" data-index=\"4\" ><div\n\t\t\t\n\t\t\tclass=\"so-widget-sow-editor so-widget-sow-editor-base\"\n\t\t\t\n\t\t>\n<div class=\"siteorigin-widget-tinymce textwidget\">\n\t<p><!-- wp:paragraph --><\/p>\n<p><strong><em>Autoescuela Monfrag\u00fce<\/em><\/strong>, nace en Agosto del a\u00f1o 1.992, tras la fusi\u00f3n de varias y peque\u00f1as autoescuelas, con la finalidad de facilitar a nuestros alumnos la posibilidad de obtener cualquier permiso de conducir, pues eso requer\u00eda grandes inversiones que una peque\u00f1a autoescuela no pod\u00eda afrontar. Y con ese reto creamos una nueva autoescuela: Autoescuela Monfrag\u00fce.<\/p>\n<p><!-- \/wp:paragraph --><!-- wp:paragraph --><\/p>\n<p>Con la finalidad de dar un mejor servicio a nuestros alumnos, hemos ido aumentando tanto el numero de veh\u00edculos, como el de sucursales (secciones) por todo el Norte de nuestra provincia.<\/p>\n<p><!-- \/wp:paragraph --><!-- wp:paragraph --><\/p>\n<p>Actualmente, disponemos de una oficina principal, y cinco secciones diseminadas por el norte de C\u00e1ceres, con el fin de facilitar la asistencia a clases de nuestros alumnos.<\/p>\n<p><!-- \/wp:paragraph --><!-- wp:paragraph --><\/p>\n<p>En Autoescuela Monfrag\u00fce, en la actualidad, disponemos de una flota de 20 veh\u00edculos, para obtener cualquier permiso de conducir.<br \/>\nTenemos diferentes modelos de veh\u00edculos. Aulas Informatizadas.<\/p>\n<p><!-- \/wp:paragraph --><!-- wp:paragraph --><\/p>\n<p>Autoescuela Monfrag\u00fce, y con el fin de ampliar la formaci\u00f3n que ofrecemos a nuestros clientes, en el a\u00f1o 1.997 solicitamos y se nos autoriza por parte de la Direcci\u00f3n General de Tr\u00e1fico como Centro de Formacion con el n\u00ba MP.-00155 para impartir Cursos para obtener y renovar el carn\u00e9 de Mercanc\u00edas Peligrosas (A.D.R.)<\/p>\n<p>Tambi\u00e9n en Autoescuela Monfrag\u00fce, nuestro Centro de Formaci\u00f3n de Plasencia de la Carretera de Salamanca n\u00ba 8, est\u00e1 homologado por la Consejer\u00eda de Trabajo de la Junta de Extremadura con el n\u00ba: 26.676 para impartir cursos subvencionados de Conductor de Cami\u00f3n Pesado, Conductor de Autob\u00fas y Cami\u00f3n con Remolque.<\/p>\n<p>En el a\u00f1o 1.994, somos la primera autoescuela de la zona en implantar la ense\u00f1anza y realizaci\u00f3n de tests a trav\u00e9s de ordenador, de los cuales disponemos en todas nuestras secciones. Y tambi\u00e9n fuimos los primeros en implantar un sistema para que nuestros alumnos pudieran complementar su ense\u00f1anza en su casa a trav\u00e9s de Internet. Desde el a\u00f1o 2003 disponemos del sistema de Gesti\u00f3n de Calidad ISO 9001-2008.<\/p>\n<p>Desde Julio de 2006 estamos autorizados para impartir los cursos de sensibilizaci\u00f3n y reeducacion vial (Permiso por Puntos).<\/p>\n<p>Tambi\u00e9n desde Junio del 2009 estamos homologados por parte de la Consejeria de Fomento de la Junta de Extremadura para la impartici\u00f3n de los Cursos del Cap de Viajeros y de Mercanc\u00edas respectivamente.<\/p>\n<p style=\"text-align: center;\"><img loading=\"lazy\" decoding=\"async\" class=\"alignnone wp-image-387 size-large\" src=\"https:\/\/autoescuelamonfrague.com\/wp-content\/uploads\/2020\/06\/anuncio-puntos-1024x738.jpg\" alt=\"\" width=\"640\" height=\"461\" srcset=\"https:\/\/autoescuelamonfrague.com\/wp-content\/uploads\/2020\/06\/anuncio-puntos-1024x738.jpg 1024w, https:\/\/autoescuelamonfrague.com\/wp-content\/uploads\/2020\/06\/anuncio-puntos-300x216.jpg 300w, https:\/\/autoescuelamonfrague.com\/wp-content\/uploads\/2020\/06\/anuncio-puntos-768x553.jpg 768w, https:\/\/autoescuelamonfrague.com\/wp-content\/uploads\/2020\/06\/anuncio-puntos-83x60.jpg 83w, https:\/\/autoescuelamonfrague.com\/wp-content\/uploads\/2020\/06\/anuncio-puntos.jpg 1066w\" sizes=\"(max-width: 640px) 100vw, 640px\" \/><\/p>\n<p><!-- \/wp:paragraph --><!-- wp:image {\"id\":271,\"sizeSlug\":\"large\"} --><\/p>\n<p><!-- \/wp:image --><\/p>\n<\/div>\n<\/div><\/div><\/div><\/div><\/div>","protected":false},"excerpt":{"rendered":"<p>INFO: 927 41 34 99 \/ 677 543 763 M\u00e1s Info INFO: 927 41 34 99 \/ 677 543 763 M\u00e1s Info INFO: 927 41 34 99 \/ 677 543 763 M\u00e1s Info Autoescuela Monfrag\u00fce, nace en Agosto del a\u00f1o 1.992, tras la fusi\u00f3n de varias y peque\u00f1as autoescuelas, con la finalidad de facilitar a<a href=\"https:\/\/autoescuelamonfrague.com\/\">[&#8230;]<\/a><\/p>\n","protected":false},"author":1,"featured_media":0,"parent":0,"menu_order":0,"comment_status":"closed","ping_status":"closed","template":"template-fullwidth-no-title.php","meta":{"_themeisle_gutenberg_block_has_review":false,"footnotes":""},"_links":{"self":[{"href":"https:\/\/autoescuelamonfrague.com\/index.php?rest_route=\/wp\/v2\/pages\/8"}],"collection":[{"href":"https:\/\/autoescuelamonfrague.com\/index.php?rest_route=\/wp\/v2\/pages"}],"about":[{"href":"https:\/\/autoescuelamonfrague.com\/index.php?rest_route=\/wp\/v2\/types\/page"}],"author":[{"embeddable":true,"href":"https:\/\/autoescuelamonfrague.com\/index.php?rest_route=\/wp\/v2\/users\/1"}],"replies":[{"embeddable":true,"href":"https:\/\/autoescuelamonfrague.com\/index.php?rest_route=%2Fwp%2Fv2%2Fcomments&post=8"}],"version-history":[{"count":15,"href":"https:\/\/autoescuelamonfrague.com\/index.php?rest_route=\/wp\/v2\/pages\/8\/revisions"}],"predecessor-version":[{"id":879,"href":"https:\/\/autoescuelamonfrague.com\/index.php?rest_route=\/wp\/v2\/pages\/8\/revisions\/879"}],"wp:attachment":[{"href":"https:\/\/autoescuelamonfrague.com\/index.php?rest_route=%2Fwp%2Fv2%2Fmedia&parent=8"}],"curies":[{"name":"wp","href":"https:\/\/api.w.org\/{rel}","templated":true}]}}